{"id":25,"date":"2022-09-17T22:44:03","date_gmt":"2022-09-17T20:44:03","guid":{"rendered":"http:\/\/horizon-services.de\/?page_id=25"},"modified":"2023-08-22T19:20:51","modified_gmt":"2023-08-22T17:20:51","slug":"home","status":"publish","type":"page","link":"https:\/\/horizon-services.de\/","title":{"rendered":"Home"},"content":{"rendered":"<h4>Ihr Co-Workspace mit attraktiver Gewerbesteuer *<\/h4>\n<p><span style=\"font-size: 16px;\">Gr\u00e4felfing ist eine Gemeinde in direkter Nachbarschaft zu M\u00fcnchen. Doch w\u00e4hrend in M\u00fcnchen aktuell 17,15 % (Hebesatz 490) Ihres Ertrags als Gewerbesteuer zu zahlen sind, sind es in Gr\u00e4felfing &#8222;nur&#8220; 8,75% (Hebesatz 250). Bei 1 Mio. EUR Gewerbeertrag macht das eine Differenz gegen\u00fcber M\u00fcnchen in H\u00f6he von 84.000 EUR.<\/span><\/p>\n<p><span style=\"font-size: 16px;\">In unserem Shared-Office im Gewerbegebiet von Gr\u00e4felfing steht Ihnen neben einem Schreibtisch mit voll ausgestattetem PC und Internetzugang sowie Farb-Laserdrucker auch eine gem\u00fctliche Kaffeek\u00fcche zur Mitbenutzung zur Verf\u00fcgung.<\/span><\/p>\n<p><span style=\"font-size: 16px;\">Eine gute Firmenanschrift in der Metropolregion M\u00fcnchen, eine eigene Rufnummer, auf Wunsch mit Rufentgegennahme oder Rufweiterleitung runden das Erscheinungsbild ab.<\/span><\/p>\n<p><span style=\"font-size: 16px;\">Gerne leeren wir f\u00fcr Sie Ihren Briefkasten und stellen Ihnen Ihre Post t\u00e4glich oder w\u00f6chentlich physisch oder elektronisch zu.<\/span><\/p>\n<p><span style=\"font-size: 16px;\">Au\u00dferdem k\u00f6nnen wir f\u00fcr Sie die Buchhaltung in unserem Cloud-System erledigen. So haben Sie jederzeit einen \u00dcberblick \u00fcber die wirtschaftlichen Aspekte Ihres Unternehmens, wo immer Sie sich gerade aufhalten. Und sollten Sie einen Steuerberater ben\u00f6tigen, vermitteln wir gerne.<\/span><\/p>\n<p><span style=\"font-size: 16px;\">Wir freuen uns auf Ihre Kontaktaufnahme unter<br \/>\nburo . graefelfing @ horizon-services . de (Leerzeichen bitte entfernen)<\/span><\/p>\n<p><span style=\"color: #333399;\">Und falls Sie noch einen weiteren Grund f\u00fcr einen Shared-Office suchen, lesen Sie hier weiter:\u00a0<a style=\"color: #333399;\" href=\"https:\/\/horizon-services.de\/?page_id=103\">Firmenadresse im eigenen Haus<\/a><\/span><\/p>\n<p><span style=\"font-size: 12px;\">(*)\u00a0\u00a0Die Zust\u00e4ndigkeit f\u00fcr die Besteuerung von K\u00f6rperschaften, Personenvereinigungen und Verm\u00f6gensmassen richtet sich nach <a href=\"https:\/\/www.gesetze-im-internet.de\/ao_1977\/__20.html\">\u00a7 20 AO<\/a> grunds\u00e4tzlich nach dem Ort der Gesch\u00e4ftsleitung.\u00a0 Nach <a href=\"https:\/\/www.gesetze-im-internet.de\/ao_1977\/__10.html\">\u00a7 10 AO<\/a> ist die Gesch\u00e4ftsleitung der Mittelpunkt der gesch\u00e4ftlichen Oberleitung.\u00a0 Mittelpunkt der gesch\u00e4ftlichen Oberleitung ist dort, wo der f\u00fcr die laufende Gesch\u00e4ftsf\u00fchrung ma\u00dfgebliche Wille gebildet wird. Irrelevant ist, wo der tats\u00e4chliche Gesch\u00e4ftsverkehr (Tagesgesch\u00e4ft, Verwaltung etc.) stattfindet.<\/span><\/p>\n<p>&nbsp;<\/p>\n","protected":false},"excerpt":{"rendered":"<p>Ihr Co-Workspace mit attraktiver Gewerbesteuer * Gr\u00e4felfing ist eine Gemeinde in direkter Nachbarschaft zu M\u00fcnchen. Doch w\u00e4hrend in M\u00fcnchen aktuell 17,15 % (Hebesatz 490) Ihres Ertrags als Gewerbesteuer zu zahlen sind, sind es in Gr\u00e4felfing &#8222;nur&#8220; 8,75% (Hebesatz 250). Bei 1 Mio. EUR Gewerbeertrag macht das eine Differenz gegen\u00fcber M\u00fcnchen in H\u00f6he von 84.000 EUR. &hellip; <\/p>\n<p class=\"link-more\"><a href=\"https:\/\/horizon-services.de\/\" class=\"more-link\"><span class=\"screen-reader-text\">\u201eHome\u201c<\/span> weiterlesen<\/a><\/p>\n","protected":false},"author":1,"featured_media":0,"parent":0,"menu_order":0,"comment_status":"closed","ping_status":"closed","template":"","meta":{"footnotes":""},"class_list":["post-25","page","type-page","status-publish","hentry"],"_links":{"self":[{"href":"https:\/\/horizon-services.de\/index.php?rest_route=\/wp\/v2\/pages\/25","targetHints":{"allow":["GET"]}}],"collection":[{"href":"https:\/\/horizon-services.de\/index.php?rest_route=\/wp\/v2\/pages"}],"about":[{"href":"https:\/\/horizon-services.de\/index.php?rest_route=\/wp\/v2\/types\/page"}],"author":[{"embeddable":true,"href":"https:\/\/horizon-services.de\/index.php?rest_route=\/wp\/v2\/users\/1"}],"replies":[{"embeddable":true,"href":"https:\/\/horizon-services.de\/index.php?rest_route=%2Fwp%2Fv2%2Fcomments&post=25"}],"version-history":[{"count":16,"href":"https:\/\/horizon-services.de\/index.php?rest_route=\/wp\/v2\/pages\/25\/revisions"}],"predecessor-version":[{"id":117,"href":"https:\/\/horizon-services.de\/index.php?rest_route=\/wp\/v2\/pages\/25\/revisions\/117"}],"wp:attachment":[{"href":"https:\/\/horizon-services.de\/index.php?rest_route=%2Fwp%2Fv2%2Fmedia&parent=25"}],"curies":[{"name":"wp","href":"https:\/\/api.w.org\/{rel}","templated":true}]}}