{"id":3,"date":"2022-09-17T16:38:45","date_gmt":"2022-09-17T16:38:45","guid":{"rendered":"http:\/\/horizon-services.de\/?page_id=3"},"modified":"2022-09-18T01:23:02","modified_gmt":"2022-09-17T23:23:02","slug":"privacy-policy","status":"publish","type":"page","link":"https:\/\/horizon-services.de\/?page_id=3","title":{"rendered":"Datenschutzerkl\u00e4rung"},"content":{"rendered":"<p><span style=\"font-size: 16px;\">Hier haben wir f\u00fcr Sie erg\u00e4nzende Informationen zur Verarbeitung Ihrer personenbezogenen Daten durch uns, die Horizon-Services GmbH, beim Zugriff auf unsere Website, insbesondere bei der \u00dcbertragung von Daten, zur Verf\u00fcgung gestellt.<\/span><\/p>\n<h4>Wer wir sind<\/h4>\n<p>Verantwortlich f\u00fcr den Datenschutz und die Einhaltung der DSGVO ist die Gesch\u00e4ftsf\u00fchrung. Die Kontaktdaten finden sich im\u00a0<a href=\"http:\/\/horizon-assets.de\/?page_id=10\">Impressum.<\/a><\/p>\n<p><span style=\"font-size: 16px;\">Beschwerden zur Einhaltung des Datenschutzes sind an die Beschwerdestelle des Bayerischen Landesamtes f\u00fcr Datenschutz zu richten. Das Beschwerdeformular finden Sie unter nachfolgendem Link:\u00a0<a href=\"https:\/\/www.lda.bayern.de\/de\/beschwerde.html\">https:\/\/www.lda.bayern.de\/de\/beschwerde.html<\/a><\/span><\/p>\n<h4><strong>Welche personenbezogenen Daten wir sammeln und warum wir sie sammeln<\/strong><\/h4>\n<h6>Auftr\u00e4ge und Mitteilungen<\/h6>\n<p><span style=\"font-size: 16px;\">Wenn wir f\u00fcr Sie t\u00e4tig werden (z.B. im Rahmen eines Vertrages), k\u00f6nnen wir dies nur dann, wenn Sie uns alle daf\u00fcr erforderlichen personenbezogene Daten mitteilen. M\u00f6chten Sie dies nicht, k\u00f6nnen wir f\u00fcr Sie nicht t\u00e4tig werden. In einigen F\u00e4llen besteht auch eine gesetzliche Verpflichtung, uns Ihre personenbezogenen Daten mitzuteilen. Dies sind regelm\u00e4\u00dfig \u00a7147 AO und \u00a7257 HGB. Diese geben uns auch den Umfang und die Dauer der Speicherung von Daten vor.<\/span><\/p>\n<h6>Aus diesen Quellen beziehen wir die Daten<\/h6>\n<p><span style=\"font-size: 16px;\">Wir verarbeiten die personenbezogenen Daten, die wir von Ihnen erhalten. Zus\u00e4tzlich verarbeiten wir, wenn dies zul\u00e4ssig ist, personenbezogenen Daten, die wir aus \u00f6ffentlichen Quellen (z.B. Schuldnerverzeichnisse (Bonit\u00e4tsdaten)) oder anderen Quellen (z.B. Kreditauskunfteien (Bonit\u00e4tsdaten)) erhalten. N\u00e4heres hierzu teilen wir Ihnen im konkreten Einzelfall gerne mit.<\/span><\/p>\n<p><span style=\"font-size: 16px;\">Wenn Besucher Kommentare auf der Website schreiben, sammeln wir die Daten, die im Kommentar-Formular angezeigt werden, au\u00dferdem die IP-Adresse des Besuchers und den User-Agent-String (damit wird der Browser identifiziert), um die Erkennung von Spam zu unterst\u00fctzen.<\/span><\/p>\n<p><span style=\"font-size: 16px;\">Aus Ihrer E-Mail-Adresse kann eine anonymisierte Zeichenfolge erstellt (auch Hash genannt) und dem Gravatar-Dienst \u00fcbergeben werden, um zu pr\u00fcfen, ob Sie diesen benutzt. Die Datenschutzerkl\u00e4rung des Gravatar-Dienstes finden Sie hier: https:\/\/automattic.com\/privacy\/.<\/span><\/p>\n<h6>Cookies<\/h6>\n<p><span style=\"font-size: 16px;\">Falls Sie ein Konto haben und sich auf dieser Website anmelden, werden wir ein tempor\u00e4res Cookie setzen, um festzustellen, ob Ihr Browser Cookies akzeptiert. Dieses Cookie enth\u00e4lt keine personenbezogenen Daten und wird verworfen, wenn Sie Ihren Browser schlie\u00dft.<\/span><\/p>\n<p><span style=\"font-size: 16px;\">Wenn Sie sich anmeldesn, werden wir einige Cookies einrichten, um Ihre Anmeldeinformationen und Anzeigeoptionen zu speichern. Anmelde-Cookies verfallen nach zwei Tagen und Cookies f\u00fcr die Anzeigeoptionen nach einem Jahr. Falls Sie bei der Anmeldung \u201eAngemeldet bleiben\u201c ausw\u00e4hlen, wird Ihre Anmeldung zwei Wochen lang aufrechterhalten. Mit der Abmeldung aus Ihrem Konto werden die Anmelde-Cookies gel\u00f6scht.<\/span><\/p>\n<p><span style=\"font-size: 16px;\">Zur Verbesserung unserer Website setzen wir im informatorischen Teil unserer Website bereits transiente Cookies ein. Transiente Cookies werden automatisch gel\u00f6scht, wenn Sie Ihren Browser schlie\u00dfen. Diese Cookies werden vor\u00fcbergehend im Arbeitsspeicher Ihres Browsers gehalten. Dies erm\u00f6glicht uns eine Auswertung, welche einzelnen Webseiten besucht werden. Die Daten werden anonymisiert zu sp\u00e4teren Auswertung gespeichert. Die Verwendung der Cookies erfolgt auf der Grundlage von Art. 6 Abs. 1 lit. f DS-GVO.<\/span><\/p>\n<h6>Eingebettete Inhalte von anderen Websites<\/h6>\n<p><span style=\"font-size: 16px;\">Beitr\u00e4ge auf dieser Website k\u00f6nnen eingebettete Inhalte beinhalten (z.\u00a0B. Videos, Bilder, Beitr\u00e4ge etc.). Eingebettete Inhalte von anderen Websites verhalten sich exakt so, als ob der Besucher die andere Website besucht h\u00e4tte.<\/span><\/p>\n<p><span style=\"font-size: 16px;\">Diese Websites k\u00f6nnen Daten \u00fcber Sie sammeln, Cookies benutzen, zus\u00e4tzliche Tracking-Dienste von Dritten einbetten und Ihre Interaktion mit diesem eingebetteten Inhalt aufzeichnen, inklusive Ihrer Interaktion mit dem eingebetteten Inhalt, falls Sie ein Konto haben und auf dieser Website angemeldet sind.<\/span><\/p>\n<h6>Technisch notwendige Speicherung von Daten<\/h6>\n<p><span style=\"font-size: 16px;\">Zur Verarbeitung Ihrer\u00a0<strong>IP-Adresse<\/strong>\u00a0kommt es bei unserem Webhoster (Auftragsverarbeiter) w\u00e4hrend des Zugriffs von Ihnen auf unsere Website; ohne die Verarbeitung Ihrer IP-Adresse k\u00f6nnten wir die Webseite in Ihrem Webbrowser nicht anzeigen. Ihre IP-Adresse wird kurz im fl\u00fcchtigen Speicher des Webservers gehalten, w\u00e4hrend die Webseite zu Ihnen \u00fcbertragen wird; danach wird sie sofort gel\u00f6scht. Die Verarbeitung der IP-Adresse in diesem Zusammenhang erfolgt aufgrund Art. 6 Abs. 1 lit. f DS-GVO.<\/span><\/p>\n<h6>Mit wem wir Ihre Daten teilen<\/h6>\n<p><span style=\"font-size: 16px;\">Wir verzichten auf externe Tracking-Dienste und Social-Media-Buttons (Likes etc.), da wir von der ungefragten Nutzung Ihrer Daten bei Verwendung derartiger Dienste ausgehen m\u00fcssen.<\/span><\/p>\n<p><span style=\"font-size: 16px;\">Unser Webauftritt wird bei der Firma<\/span><\/p>\n<p>1&amp;1 Internet SE<br \/>\nElgendorfer Str. 57<br \/>\n56410 Montabaur<br \/>\n+49 (0) 721 96 00<\/p>\n<p><span style=\"font-size: 16px;\">gehosted (Auftragsverarbeiter). Die Datenschutzerkl\u00e4rung finden Sie unter folgendem Link:\u00a0<a href=\"https:\/\/hosting.1und1.de\/terms-gtc\/terms-privacy\/\">https:\/\/hosting.1und1.de\/terms-gtc\/terms-privacy\/<\/a><\/span><\/p>\n<p><span style=\"font-size: 16px;\">Wenn n\u00f6tig und zul\u00e4ssig oder gesetzlich verpflichtend, geben wir Ihre personenbezogenen Daten an Dritte oder an Auftragsverarbeiter weiter.\u00a0 Dritte (Subunternehmer, Vertragspartner z.B. selbst\u00e4ndige Anlage- oder Finanzierungsberater) oder Banken (z.B. bei Bestellung von Sicherheiten), Auskunfteien (zur Bonit\u00e4tspr\u00fcfung) oder Inkassounternehmen.<\/span><\/p>\n<p><span style=\"font-size: 16px;\">Besucher-Kommentare k\u00f6nnten von einem automatisierten Dienst zur Spam-Erkennung untersucht werden.<\/span><\/p>\n<h6>Wie lange wir Daten speichern<\/h6>\n<p><span style=\"font-size: 16px;\">Wir speichern Ihre personenbezogenen Daten so lange, wie es zur Erf\u00fcllung unserer vertraglichen Pflicht oder einer gesetzlichen Pflicht n\u00f6tig ist. Ihre personenbezogenen Daten werden dann gel\u00f6scht, sobald wir sie nicht mehr ben\u00f6tigen, z.B. weil Sie den E-Mail-Newsletter abbestellt haben und kein Gesetz eine weitere Speicherung von uns verlangt. Ihre personenbezogenen Daten werden nicht gel\u00f6scht, solange diese zur Geltendmachung, Aus\u00fcbung oder Verteidigung von Rechtsanspr\u00fcchen ben\u00f6tigt werden.<\/span><\/p>\n<h6>Welche Rechte Sie an Ihren Daten haben<\/h6>\n<p><span style=\"font-size: 16px;\">Wenn Sie wissen m\u00f6chten, welche Daten wir \u00fcber Sie gespeichert haben, sagen wir es Ihnen, denn Sie haben ein Auskunftsrecht nach Art.\u00a015 DS-GVO in Verbindung mit \u00a7\u00a034 BDSG.<\/span><\/p>\n<p><span style=\"font-size: 16px;\">Wenn Sie uns mitteilen, dass Daten falsch sind, m\u00fcssen wir diese Daten berichtigen. Sie haben ein Recht auf Berichtigung nach Art.\u00a016 DS-GVO.<\/span><\/p>\n<p><span style=\"font-size: 16px;\">Sie haben ein Recht auf L\u00f6schung Ihrer Daten nach Art.\u00a017 DS-GVO in Verbindung mit \u00a7\u00a035 BDSG.<\/span><\/p>\n<p><span style=\"font-size: 16px;\">In seltenen F\u00e4llen (z.B. wenn nicht klar ist, ob Daten richtig oder falsch sind oder wenn wir Ihre Daten gerne l\u00f6schen m\u00f6chten, Sie dies aber nicht wollen) k\u00f6nnen Sie die Einschr\u00e4nkung der Verarbeitung Ihrer Daten verlangen. Sie haben ein Recht auf Einschr\u00e4nkung der Verarbeitung Ihrer Daten nach Art.\u00a018 DS-GVO.<\/span><\/p>\n<p><span style=\"font-size: 16px;\">Sie haben ein Widerspruchsrecht nach Art.\u00a021 DS-GVO.<\/span><\/p>\n<p><span style=\"font-size: 16px;\">Eine von Ihnen erteilte Einwilligung in die Verarbeitung Ihrer Daten k\u00f6nnen Sie jederzeit mit Wirkung f\u00fcr die Zukunft widerrufen.<\/span><\/p>\n<p><span style=\"font-size: 16px;\">Wenn Sie keine Direktwerbung von uns erhalten m\u00f6chten, k\u00f6nnen Sie dem jederzeit widersprechen und wir werden Ihre Daten zuk\u00fcnftig nicht mehr f\u00fcr eine Direktwerbung verwenden.<\/span><\/p>\n","protected":false},"excerpt":{"rendered":"<p>Hier haben wir f\u00fcr Sie erg\u00e4nzende Informationen zur Verarbeitung Ihrer personenbezogenen Daten durch uns, die Horizon-Services GmbH, beim Zugriff auf unsere Website, insbesondere bei der \u00dcbertragung von Daten, zur Verf\u00fcgung gestellt. Wer wir sind Verantwortlich f\u00fcr den Datenschutz und die Einhaltung der DSGVO ist die Gesch\u00e4ftsf\u00fchrung. Die Kontaktdaten finden sich im\u00a0Impressum. Beschwerden zur Einhaltung des &hellip; <\/p>\n<p class=\"link-more\"><a href=\"https:\/\/horizon-services.de\/?page_id=3\" class=\"more-link\"><span class=\"screen-reader-text\">\u201eDatenschutzerkl\u00e4rung\u201c<\/span> weiterlesen<\/a><\/p>\n","protected":false},"author":1,"featured_media":0,"parent":0,"menu_order":0,"comment_status":"closed","ping_status":"open","template":"","meta":{"footnotes":""},"class_list":["post-3","page","type-page","status-publish","hentry"],"_links":{"self":[{"href":"https:\/\/horizon-services.de\/index.php?rest_route=\/wp\/v2\/pages\/3","targetHints":{"allow":["GET"]}}],"collection":[{"href":"https:\/\/horizon-services.de\/index.php?rest_route=\/wp\/v2\/pages"}],"about":[{"href":"https:\/\/horizon-services.de\/index.php?rest_route=\/wp\/v2\/types\/page"}],"author":[{"embeddable":true,"href":"https:\/\/horizon-services.de\/index.php?rest_route=\/wp\/v2\/users\/1"}],"replies":[{"embeddable":true,"href":"https:\/\/horizon-services.de\/index.php?rest_route=%2Fwp%2Fv2%2Fcomments&post=3"}],"version-history":[{"count":11,"href":"https:\/\/horizon-services.de\/index.php?rest_route=\/wp\/v2\/pages\/3\/revisions"}],"predecessor-version":[{"id":66,"href":"https:\/\/horizon-services.de\/index.php?rest_route=\/wp\/v2\/pages\/3\/revisions\/66"}],"wp:attachment":[{"href":"https:\/\/horizon-services.de\/index.php?rest_route=%2Fwp%2Fv2%2Fmedia&parent=3"}],"curies":[{"name":"wp","href":"https:\/\/api.w.org\/{rel}","templated":true}]}}