{"id":90,"date":"2023-04-20T18:57:28","date_gmt":"2023-04-20T16:57:28","guid":{"rendered":"https:\/\/horizon-services.de\/?page_id=90"},"modified":"2023-04-20T18:57:28","modified_gmt":"2023-04-20T16:57:28","slug":"gehaltsabrechnung","status":"publish","type":"page","link":"https:\/\/horizon-services.de\/?page_id=90","title":{"rendered":"Gehaltsabrechnung"},"content":{"rendered":"<h2>EINFACH &#8211; ZUVERL\u00c4SSIG &#8211; G\u00dcNSTIG<\/h2>\n<p>F\u00fcr alle Branchen, f\u00fcr alle Firmengr\u00f6\u00dfen.<\/p>\n<p>Und immer auf Basis der aktuell geltenden gesetzlichen Grundlagen.<\/p>\n<p><img loading=\"lazy\" decoding=\"async\" class=\"alignnone  wp-image-91\" src=\"http:\/\/horizon-services.de\/wp-content\/uploads\/IMG_20150613_171501-300x180.jpg\" alt=\"\" width=\"423\" height=\"254\" srcset=\"https:\/\/horizon-services.de\/wp-content\/uploads\/IMG_20150613_171501-300x180.jpg 300w, https:\/\/horizon-services.de\/wp-content\/uploads\/IMG_20150613_171501-1024x614.jpg 1024w, https:\/\/horizon-services.de\/wp-content\/uploads\/IMG_20150613_171501-768x461.jpg 768w, https:\/\/horizon-services.de\/wp-content\/uploads\/IMG_20150613_171501.jpg 1280w\" sizes=\"auto, (max-width: 423px) 100vw, 423px\" \/><\/p>\n<h6>Ablauf:<\/h6>\n<ul>\n<li style=\"list-style-type: none;\">\n<ul>\n<li>Monatliche \u00dcbermittlung der Abrechnungsdaten durch den Auftraggeber<\/li>\n<li>Lohnberechnung<\/li>\n<li>Digitales Meldewesen (Finanzamt, GKV, BG etc.)<\/li>\n<li>\u00dcbermittlung an den Auftraggeber mit\n<ul>\n<li>Lohnzettel (Gehaltsabrechnung f\u00fcr Mitarbeiter)<\/li>\n<li>Bescheinigung Sozialversicherung<\/li>\n<li>\u00dcberweisungsliste \/ Sepa<\/li>\n<li>Auswertungen<\/li>\n<li>Buchungsliste<\/li>\n<li>u.s.w.<\/li>\n<\/ul>\n<\/li>\n<li>Monatliche Leistungsabrechnung<\/li>\n<\/ul>\n<\/li>\n<\/ul>\n<p>&nbsp;<\/p>\n","protected":false},"excerpt":{"rendered":"<p>EINFACH &#8211; ZUVERL\u00c4SSIG &#8211; G\u00dcNSTIG F\u00fcr alle Branchen, f\u00fcr alle Firmengr\u00f6\u00dfen. Und immer auf Basis der aktuell geltenden gesetzlichen Grundlagen. Ablauf: Monatliche \u00dcbermittlung der Abrechnungsdaten durch den Auftraggeber Lohnberechnung Digitales Meldewesen (Finanzamt, GKV, BG etc.) \u00dcbermittlung an den Auftraggeber mit Lohnzettel (Gehaltsabrechnung f\u00fcr Mitarbeiter) Bescheinigung Sozialversicherung \u00dcberweisungsliste \/ Sepa Auswertungen Buchungsliste u.s.w. Monatliche Leistungsabrechnung &nbsp;<\/p>\n","protected":false},"author":1,"featured_media":0,"parent":0,"menu_order":0,"comment_status":"closed","ping_status":"closed","template":"","meta":{"footnotes":""},"class_list":["post-90","page","type-page","status-publish","hentry"],"_links":{"self":[{"href":"https:\/\/horizon-services.de\/index.php?rest_route=\/wp\/v2\/pages\/90","targetHints":{"allow":["GET"]}}],"collection":[{"href":"https:\/\/horizon-services.de\/index.php?rest_route=\/wp\/v2\/pages"}],"about":[{"href":"https:\/\/horizon-services.de\/index.php?rest_route=\/wp\/v2\/types\/page"}],"author":[{"embeddable":true,"href":"https:\/\/horizon-services.de\/index.php?rest_route=\/wp\/v2\/users\/1"}],"replies":[{"embeddable":true,"href":"https:\/\/horizon-services.de\/index.php?rest_route=%2Fwp%2Fv2%2Fcomments&post=90"}],"version-history":[{"count":1,"href":"https:\/\/horizon-services.de\/index.php?rest_route=\/wp\/v2\/pages\/90\/revisions"}],"predecessor-version":[{"id":92,"href":"https:\/\/horizon-services.de\/index.php?rest_route=\/wp\/v2\/pages\/90\/revisions\/92"}],"wp:attachment":[{"href":"https:\/\/horizon-services.de\/index.php?rest_route=%2Fwp%2Fv2%2Fmedia&parent=90"}],"curies":[{"name":"wp","href":"https:\/\/api.w.org\/{rel}","templated":true}]}}